
{"id":150,"date":"2016-08-26T13:08:49","date_gmt":"2016-08-26T11:08:49","guid":{"rendered":"http:\/\/instalacje-lodzkie.pl\/?page_id=150"},"modified":"2017-05-09T20:08:23","modified_gmt":"2017-05-09T18:08:23","slug":"instalacje-techniczne","status":"publish","type":"page","link":"https:\/\/instalacje-lodzkie.pl\/index.php\/instalacje-techniczne\/","title":{"rendered":"Instalacje teletechniczne&#8230;"},"content":{"rendered":"<h1 style=\"text-align: center;\">Montaz, serwis, konserwacje:<\/h1>\n<h3 style=\"text-align: center;\">Sieci komputerowe LAN i okablowanie strukturalne<\/h3>\n<h3 style=\"text-align: center;\">Systemy alarmowe (SSWiN)<\/h3>\n<h3 style=\"text-align: center;\">Kontrola dost\u0119pu (KD)<\/h3>\n<h3 style=\"text-align: center;\">Telewizja przemys\u0142owa (CCTV), Monitoring<\/h3>\n<h3 style=\"text-align: center;\">Domofony i Wideodomofony<\/h3>\n<h3 style=\"text-align: center;\">Systemy przeciwpo\u017carowe<\/h3>\n<h3 style=\"text-align: center;\">Centrale oddymiaj\u0105ce<\/h3>\n<h3 style=\"text-align: center;\">Rejestracja czasu pracy (RCP)<\/h3>\n<h3 style=\"text-align: center;\">System wykrywania po\u017caru (SAP)<\/h3>\n<h3 style=\"text-align: center;\">D\u017awi\u0119kowy system ostrzegawczy (DSO)<\/h3>\n<h5 style=\"text-align: center;\"><\/h5>\n<h4 style=\"text-align: center;\"><\/h4>\n<h4 style=\"text-align: center;\"><\/h4>\n<h4 style=\"text-align: center;\"><strong>W ostatnim czasie zrealizowalismy \u00a0instalacje &#8221; inteligentnego budynku&#8221;o powierzchni 320 m2.<\/strong><\/h4>\n<h4 style=\"text-align: center;\"><strong>\u00a0<\/strong><strong>Calym budynkiem mozna sterowac za pomoca aplikacji \u00a0lub w trybie automatycznym.<\/strong><\/h4>\n\n\t\t<style type=\"text\/css\">\n\t\t\t#gallery-1 {\n\t\t\t\tmargin: auto;\n\t\t\t}\n\t\t\t#gallery-1 .gallery-item {\n\t\t\t\tfloat: left;\n\t\t\t\tmargin-top: 10px;\n\t\t\t\ttext-align: center;\n\t\t\t\twidth: 25%;\n\t\t\t}\n\t\t\t#gallery-1 img {\n\t\t\t\tborder: 2px solid #cfcfcf;\n\t\t\t}\n\t\t\t#gallery-1 .gallery-caption {\n\t\t\t\tmargin-left: 0;\n\t\t\t}\n\t\t\t\/* see gallery_shortcode() in wp-includes\/media.php *\/\n\t\t<\/style>\n\t\t<div id='gallery-1' class='gallery galleryid-150 gallery-columns-4 gallery-size-thumbnail'><dl class='gallery-item'>\n\t\t\t<dt class='gallery-icon landscape'>\n\t\t\t\t<a href='https:\/\/instalacje-lodzkie.pl\/wp-content\/uploads\/2016\/08\/instalacje_2.jpg' rel=\"lightbox[150]\"><img loading=\"lazy\" decoding=\"async\" width=\"150\" height=\"150\" src=\"https:\/\/instalacje-lodzkie.pl\/wp-content\/uploads\/2016\/08\/instalacje_2-150x150.jpg\" class=\"attachment-thumbnail size-thumbnail\" alt=\"\" \/><\/a>\n\t\t\t<\/dt><\/dl><dl class='gallery-item'>\n\t\t\t<dt class='gallery-icon landscape'>\n\t\t\t\t<a href='https:\/\/instalacje-lodzkie.pl\/wp-content\/uploads\/2016\/08\/instalacje_6.jpg' rel=\"lightbox[150]\"><img loading=\"lazy\" decoding=\"async\" width=\"150\" height=\"150\" src=\"https:\/\/instalacje-lodzkie.pl\/wp-content\/uploads\/2016\/08\/instalacje_6-150x150.jpg\" class=\"attachment-thumbnail size-thumbnail\" alt=\"\" \/><\/a>\n\t\t\t<\/dt><\/dl><dl class='gallery-item'>\n\t\t\t<dt class='gallery-icon landscape'>\n\t\t\t\t<a href='https:\/\/instalacje-lodzkie.pl\/wp-content\/uploads\/2016\/08\/instalacje_7.jpg' rel=\"lightbox[150]\"><img loading=\"lazy\" decoding=\"async\" width=\"150\" height=\"150\" src=\"https:\/\/instalacje-lodzkie.pl\/wp-content\/uploads\/2016\/08\/instalacje_7-150x150.jpg\" class=\"attachment-thumbnail size-thumbnail\" alt=\"\" \/><\/a>\n\t\t\t<\/dt><\/dl><dl class='gallery-item'>\n\t\t\t<dt class='gallery-icon landscape'>\n\t\t\t\t<a href='https:\/\/instalacje-lodzkie.pl\/wp-content\/uploads\/2016\/08\/instalacje_5.jpg' rel=\"lightbox[150]\"><img loading=\"lazy\" decoding=\"async\" width=\"150\" height=\"150\" src=\"https:\/\/instalacje-lodzkie.pl\/wp-content\/uploads\/2016\/08\/instalacje_5-150x150.jpg\" class=\"attachment-thumbnail size-thumbnail\" alt=\"\" \/><\/a>\n\t\t\t<\/dt><\/dl><br style=\"clear: both\" \/><dl class='gallery-item'>\n\t\t\t<dt class='gallery-icon landscape'>\n\t\t\t\t<a href='https:\/\/instalacje-lodzkie.pl\/wp-content\/uploads\/2016\/08\/instalacje_4.jpg' rel=\"lightbox[150]\"><img loading=\"lazy\" decoding=\"async\" width=\"150\" height=\"150\" src=\"https:\/\/instalacje-lodzkie.pl\/wp-content\/uploads\/2016\/08\/instalacje_4-150x150.jpg\" class=\"attachment-thumbnail size-thumbnail\" alt=\"\" \/><\/a>\n\t\t\t<\/dt><\/dl><dl class='gallery-item'>\n\t\t\t<dt class='gallery-icon landscape'>\n\t\t\t\t<a href='https:\/\/instalacje-lodzkie.pl\/wp-content\/uploads\/2016\/08\/instalacje_8.jpg' rel=\"lightbox[150]\"><img loading=\"lazy\" decoding=\"async\" width=\"150\" height=\"150\" src=\"https:\/\/instalacje-lodzkie.pl\/wp-content\/uploads\/2016\/08\/instalacje_8-150x150.jpg\" class=\"attachment-thumbnail size-thumbnail\" alt=\"\" \/><\/a>\n\t\t\t<\/dt><\/dl><dl class='gallery-item'>\n\t\t\t<dt class='gallery-icon landscape'>\n\t\t\t\t<a href='https:\/\/instalacje-lodzkie.pl\/wp-content\/uploads\/2016\/08\/instalacje_3.jpg' rel=\"lightbox[150]\"><img loading=\"lazy\" decoding=\"async\" width=\"150\" height=\"150\" src=\"https:\/\/instalacje-lodzkie.pl\/wp-content\/uploads\/2016\/08\/instalacje_3-150x150.jpg\" class=\"attachment-thumbnail size-thumbnail\" alt=\"\" \/><\/a>\n\t\t\t<\/dt><\/dl><dl class='gallery-item'>\n\t\t\t<dt class='gallery-icon landscape'>\n\t\t\t\t<a href='https:\/\/instalacje-lodzkie.pl\/wp-content\/uploads\/2016\/08\/instalacje_1.jpg' rel=\"lightbox[150]\"><img loading=\"lazy\" decoding=\"async\" width=\"150\" height=\"150\" src=\"https:\/\/instalacje-lodzkie.pl\/wp-content\/uploads\/2016\/08\/instalacje_1-150x150.jpg\" class=\"attachment-thumbnail size-thumbnail\" alt=\"\" \/><\/a>\n\t\t\t<\/dt><\/dl><br style=\"clear: both\" \/>\n\t\t<\/div>\n\n","protected":false},"excerpt":{"rendered":"<p>Montaz, serwis, konserwacje: Sieci komputerowe LAN i okablowanie strukturalne Systemy alarmowe (SSWiN) Kontrola dost\u0119pu (KD) Telewizja przemys\u0142owa (CCTV), Monitoring Domofony i Wideodomofony Systemy przeciwpo\u017carowe Centrale oddymiaj\u0105ce Rejestracja czasu pracy (RCP) System wykrywania po\u017caru (SAP) D\u017awi\u0119kowy system ostrzegawczy (DSO) W ostatnim czasie zrealizowalismy \u00a0instalacje &#8221; inteligentnego budynku&#8221;o powierzchni 320 m2. \u00a0Calym budynkiem mozna sterowac za pomoca [&hellip;]<\/p>\n","protected":false},"author":1,"featured_media":0,"parent":0,"menu_order":0,"comment_status":"closed","ping_status":"closed","template":"","meta":{"footnotes":""},"class_list":["post-150","page","type-page","status-publish","hentry"],"_links":{"self":[{"href":"https:\/\/instalacje-lodzkie.pl\/index.php\/wp-json\/wp\/v2\/pages\/150","targetHints":{"allow":["GET"]}}],"collection":[{"href":"https:\/\/instalacje-lodzkie.pl\/index.php\/wp-json\/wp\/v2\/pages"}],"about":[{"href":"https:\/\/instalacje-lodzkie.pl\/index.php\/wp-json\/wp\/v2\/types\/page"}],"author":[{"embeddable":true,"href":"https:\/\/instalacje-lodzkie.pl\/index.php\/wp-json\/wp\/v2\/users\/1"}],"replies":[{"embeddable":true,"href":"https:\/\/instalacje-lodzkie.pl\/index.php\/wp-json\/wp\/v2\/comments?post=150"}],"version-history":[{"count":17,"href":"https:\/\/instalacje-lodzkie.pl\/index.php\/wp-json\/wp\/v2\/pages\/150\/revisions"}],"predecessor-version":[{"id":404,"href":"https:\/\/instalacje-lodzkie.pl\/index.php\/wp-json\/wp\/v2\/pages\/150\/revisions\/404"}],"wp:attachment":[{"href":"https:\/\/instalacje-lodzkie.pl\/index.php\/wp-json\/wp\/v2\/media?parent=150"}],"curies":[{"name":"wp","href":"https:\/\/api.w.org\/{rel}","templated":true}]}}