
{"id":148,"date":"2016-08-26T13:08:33","date_gmt":"2016-08-26T11:08:33","guid":{"rendered":"http:\/\/instalacje-lodzkie.pl\/?page_id=148"},"modified":"2022-10-08T23:01:27","modified_gmt":"2022-10-08T21:01:27","slug":"oswietlenie-sterowane-led","status":"publish","type":"page","link":"https:\/\/instalacje-lodzkie.pl\/index.php\/oswietlenie-sterowane-led\/","title":{"rendered":"O\u015bwietlenie sterowane LED&#8230;"},"content":{"rendered":"<h2 style=\"text-align: center;\"><\/h2>\n<h2 style=\"text-align: center;\"><\/h2>\n<h2 style=\"text-align: center;\"><\/h2>\n<h2 style=\"text-align: center;\">Montaz, serwis, modernizacje, wymiana zrodel, programowanie o\u015bwietlenia:<\/h2>\n<h2><\/h2>\n<h2><\/h2>\n<h2 style=\"text-align: center;\">\u00a0 \u00a0 \u00a0 -podstawowego<\/h2>\n<h2 style=\"text-align: center;\">\u00a0 \u00a0 \u00a0-awaryjnego<\/h2>\n<h2 style=\"text-align: center;\">\u00a0 \u00a0 \u00a0 \u00a0 -zewnetrznego terenu<\/h2>\n<h3 style=\"text-align: center;\"><\/h3>\n<h4 style=\"text-align: center;\">W ostatnim czasie\u00a0 zrealizowalismy kompleksow\u0105 wymiane o\u015bwietlenia w Hipermarkecie o powierzchni 6500 m2, w Krakowie.<\/h4>\n<h4 style=\"text-align: center;\">Oprawy swietlowkowe (952 szt) zastaplismy\u00a0 sterowanymi oprawami\u00a0 LED (625 szt) w systemie DALI z podzialem na strefy .<\/h4>\n<h4 style=\"text-align: center;\">\u00a0 Ca\u0142a modernizacja o\u015bwietlenia zosta\u0142a przeprowadzona bez wstrzymywania sprzeda\u017cy i dzia\u0142ania obiektu.<\/h4>\n<p>&nbsp;<\/p>\n\n\t\t<style type=\"text\/css\">\n\t\t\t#gallery-1 {\n\t\t\t\tmargin: auto;\n\t\t\t}\n\t\t\t#gallery-1 .gallery-item {\n\t\t\t\tfloat: left;\n\t\t\t\tmargin-top: 10px;\n\t\t\t\ttext-align: center;\n\t\t\t\twidth: 25%;\n\t\t\t}\n\t\t\t#gallery-1 img {\n\t\t\t\tborder: 2px solid #cfcfcf;\n\t\t\t}\n\t\t\t#gallery-1 .gallery-caption {\n\t\t\t\tmargin-left: 0;\n\t\t\t}\n\t\t\t\/* see gallery_shortcode() in wp-includes\/media.php *\/\n\t\t<\/style>\n\t\t<div id='gallery-1' class='gallery galleryid-148 gallery-columns-4 gallery-size-thumbnail'><dl class='gallery-item'>\n\t\t\t<dt class='gallery-icon landscape'>\n\t\t\t\t<a href='https:\/\/instalacje-lodzkie.pl\/wp-content\/uploads\/2016\/08\/led_9.jpg' rel=\"lightbox[148]\"><img loading=\"lazy\" decoding=\"async\" width=\"150\" height=\"150\" src=\"https:\/\/instalacje-lodzkie.pl\/wp-content\/uploads\/2016\/08\/led_9-150x150.jpg\" class=\"attachment-thumbnail size-thumbnail\" alt=\"\" \/><\/a>\n\t\t\t<\/dt><\/dl><dl class='gallery-item'>\n\t\t\t<dt class='gallery-icon landscape'>\n\t\t\t\t<a href='https:\/\/instalacje-lodzkie.pl\/wp-content\/uploads\/2022\/10\/20220914_212145.jpg' rel=\"lightbox[148]\"><img loading=\"lazy\" decoding=\"async\" width=\"150\" height=\"150\" src=\"https:\/\/instalacje-lodzkie.pl\/wp-content\/uploads\/2022\/10\/20220914_212145-150x150.jpg\" class=\"attachment-thumbnail size-thumbnail\" alt=\"\" \/><\/a>\n\t\t\t<\/dt><\/dl><dl class='gallery-item'>\n\t\t\t<dt class='gallery-icon landscape'>\n\t\t\t\t<a href='https:\/\/instalacje-lodzkie.pl\/wp-content\/uploads\/2022\/10\/20211013_194535.jpg' rel=\"lightbox[148]\"><img loading=\"lazy\" decoding=\"async\" width=\"150\" height=\"150\" src=\"https:\/\/instalacje-lodzkie.pl\/wp-content\/uploads\/2022\/10\/20211013_194535-150x150.jpg\" class=\"attachment-thumbnail size-thumbnail\" alt=\"\" srcset=\"https:\/\/instalacje-lodzkie.pl\/wp-content\/uploads\/2022\/10\/20211013_194535-150x150.jpg 150w, https:\/\/instalacje-lodzkie.pl\/wp-content\/uploads\/2022\/10\/20211013_194535-300x300.jpg 300w, https:\/\/instalacje-lodzkie.pl\/wp-content\/uploads\/2022\/10\/20211013_194535-768x768.jpg 768w, https:\/\/instalacje-lodzkie.pl\/wp-content\/uploads\/2022\/10\/20211013_194535.jpg 835w\" sizes=\"auto, (max-width: 150px) 100vw, 150px\" \/><\/a>\n\t\t\t<\/dt><\/dl><dl class='gallery-item'>\n\t\t\t<dt class='gallery-icon landscape'>\n\t\t\t\t<a href='https:\/\/instalacje-lodzkie.pl\/wp-content\/uploads\/2022\/10\/pro.jpg' rel=\"lightbox[148]\"><img loading=\"lazy\" decoding=\"async\" width=\"150\" height=\"150\" src=\"https:\/\/instalacje-lodzkie.pl\/wp-content\/uploads\/2022\/10\/pro-150x150.jpg\" class=\"attachment-thumbnail size-thumbnail\" alt=\"\" \/><\/a>\n\t\t\t<\/dt><\/dl><br style=\"clear: both\" \/><dl class='gallery-item'>\n\t\t\t<dt class='gallery-icon landscape'>\n\t\t\t\t<a href='https:\/\/instalacje-lodzkie.pl\/wp-content\/uploads\/2016\/08\/20171109_002939-1.jpg' rel=\"lightbox[148]\"><img loading=\"lazy\" decoding=\"async\" width=\"150\" height=\"150\" src=\"https:\/\/instalacje-lodzkie.pl\/wp-content\/uploads\/2016\/08\/20171109_002939-1-150x150.jpg\" class=\"attachment-thumbnail size-thumbnail\" alt=\"\" \/><\/a>\n\t\t\t<\/dt><\/dl><dl class='gallery-item'>\n\t\t\t<dt class='gallery-icon landscape'>\n\t\t\t\t<a href='https:\/\/instalacje-lodzkie.pl\/wp-content\/uploads\/2016\/08\/led_2.jpg' rel=\"lightbox[148]\"><img loading=\"lazy\" decoding=\"async\" width=\"150\" height=\"150\" src=\"https:\/\/instalacje-lodzkie.pl\/wp-content\/uploads\/2016\/08\/led_2-150x150.jpg\" class=\"attachment-thumbnail size-thumbnail\" alt=\"\" \/><\/a>\n\t\t\t<\/dt><\/dl><dl class='gallery-item'>\n\t\t\t<dt class='gallery-icon landscape'>\n\t\t\t\t<a href='https:\/\/instalacje-lodzkie.pl\/wp-content\/uploads\/2016\/08\/led_4.jpg' rel=\"lightbox[148]\"><img loading=\"lazy\" decoding=\"async\" width=\"150\" height=\"150\" src=\"https:\/\/instalacje-lodzkie.pl\/wp-content\/uploads\/2016\/08\/led_4-150x150.jpg\" class=\"attachment-thumbnail size-thumbnail\" alt=\"\" \/><\/a>\n\t\t\t<\/dt><\/dl><dl class='gallery-item'>\n\t\t\t<dt class='gallery-icon landscape'>\n\t\t\t\t<a href='https:\/\/instalacje-lodzkie.pl\/wp-content\/uploads\/2016\/08\/led_5.jpg' rel=\"lightbox[148]\"><img loading=\"lazy\" decoding=\"async\" width=\"150\" height=\"150\" src=\"https:\/\/instalacje-lodzkie.pl\/wp-content\/uploads\/2016\/08\/led_5-150x150.jpg\" class=\"attachment-thumbnail size-thumbnail\" alt=\"\" \/><\/a>\n\t\t\t<\/dt><\/dl><br style=\"clear: both\" \/><dl class='gallery-item'>\n\t\t\t<dt class='gallery-icon landscape'>\n\t\t\t\t<a href='https:\/\/instalacje-lodzkie.pl\/wp-content\/uploads\/2016\/08\/led_6.jpg' rel=\"lightbox[148]\"><img loading=\"lazy\" decoding=\"async\" width=\"150\" height=\"150\" src=\"https:\/\/instalacje-lodzkie.pl\/wp-content\/uploads\/2016\/08\/led_6-150x150.jpg\" class=\"attachment-thumbnail size-thumbnail\" alt=\"\" \/><\/a>\n\t\t\t<\/dt><\/dl><dl class='gallery-item'>\n\t\t\t<dt class='gallery-icon landscape'>\n\t\t\t\t<a href='https:\/\/instalacje-lodzkie.pl\/wp-content\/uploads\/2016\/08\/led_7.jpg' rel=\"lightbox[148]\"><img loading=\"lazy\" decoding=\"async\" width=\"150\" height=\"150\" src=\"https:\/\/instalacje-lodzkie.pl\/wp-content\/uploads\/2016\/08\/led_7-150x150.jpg\" class=\"attachment-thumbnail size-thumbnail\" alt=\"\" \/><\/a>\n\t\t\t<\/dt><\/dl><dl class='gallery-item'>\n\t\t\t<dt class='gallery-icon landscape'>\n\t\t\t\t<a href='https:\/\/instalacje-lodzkie.pl\/wp-content\/uploads\/2016\/08\/led_8.jpg' rel=\"lightbox[148]\"><img loading=\"lazy\" decoding=\"async\" width=\"150\" height=\"150\" src=\"https:\/\/instalacje-lodzkie.pl\/wp-content\/uploads\/2016\/08\/led_8-150x150.jpg\" class=\"attachment-thumbnail size-thumbnail\" alt=\"\" \/><\/a>\n\t\t\t<\/dt><\/dl><dl class='gallery-item'>\n\t\t\t<dt class='gallery-icon landscape'>\n\t\t\t\t<a href='https:\/\/instalacje-lodzkie.pl\/wp-content\/uploads\/2016\/08\/led_11.jpg' rel=\"lightbox[148]\"><img loading=\"lazy\" decoding=\"async\" width=\"150\" height=\"150\" src=\"https:\/\/instalacje-lodzkie.pl\/wp-content\/uploads\/2016\/08\/led_11-150x150.jpg\" class=\"attachment-thumbnail size-thumbnail\" alt=\"\" \/><\/a>\n\t\t\t<\/dt><\/dl><br style=\"clear: both\" \/><dl class='gallery-item'>\n\t\t\t<dt class='gallery-icon landscape'>\n\t\t\t\t<a href='https:\/\/instalacje-lodzkie.pl\/wp-content\/uploads\/2016\/08\/led_12.jpg' rel=\"lightbox[148]\"><img loading=\"lazy\" decoding=\"async\" width=\"150\" height=\"150\" src=\"https:\/\/instalacje-lodzkie.pl\/wp-content\/uploads\/2016\/08\/led_12-150x150.jpg\" class=\"attachment-thumbnail size-thumbnail\" alt=\"\" \/><\/a>\n\t\t\t<\/dt><\/dl><dl class='gallery-item'>\n\t\t\t<dt class='gallery-icon landscape'>\n\t\t\t\t<a href='https:\/\/instalacje-lodzkie.pl\/wp-content\/uploads\/2016\/08\/1-1.jpg' rel=\"lightbox[148]\"><img loading=\"lazy\" decoding=\"async\" width=\"150\" height=\"150\" src=\"https:\/\/instalacje-lodzkie.pl\/wp-content\/uploads\/2016\/08\/1-1-150x150.jpg\" class=\"attachment-thumbnail size-thumbnail\" alt=\"\" \/><\/a>\n\t\t\t<\/dt><\/dl>\n\t\t\t<br style='clear: both' \/>\n\t\t<\/div>\n\n<p style=\"text-align: center;\">\n","protected":false},"excerpt":{"rendered":"<p>Montaz, serwis, modernizacje, wymiana zrodel, programowanie o\u015bwietlenia: \u00a0 \u00a0 \u00a0 -podstawowego \u00a0 \u00a0 \u00a0-awaryjnego \u00a0 \u00a0 \u00a0 \u00a0 -zewnetrznego terenu W ostatnim czasie\u00a0 zrealizowalismy kompleksow\u0105 wymiane o\u015bwietlenia w Hipermarkecie o powierzchni 6500 m2, w Krakowie. Oprawy swietlowkowe (952 szt) zastaplismy\u00a0 sterowanymi oprawami\u00a0 LED (625 szt) w systemie DALI z podzialem na strefy . \u00a0 Ca\u0142a [&hellip;]<\/p>\n","protected":false},"author":1,"featured_media":0,"parent":0,"menu_order":0,"comment_status":"closed","ping_status":"closed","template":"","meta":{"footnotes":""},"class_list":["post-148","page","type-page","status-publish","hentry"],"_links":{"self":[{"href":"https:\/\/instalacje-lodzkie.pl\/index.php\/wp-json\/wp\/v2\/pages\/148","targetHints":{"allow":["GET"]}}],"collection":[{"href":"https:\/\/instalacje-lodzkie.pl\/index.php\/wp-json\/wp\/v2\/pages"}],"about":[{"href":"https:\/\/instalacje-lodzkie.pl\/index.php\/wp-json\/wp\/v2\/types\/page"}],"author":[{"embeddable":true,"href":"https:\/\/instalacje-lodzkie.pl\/index.php\/wp-json\/wp\/v2\/users\/1"}],"replies":[{"embeddable":true,"href":"https:\/\/instalacje-lodzkie.pl\/index.php\/wp-json\/wp\/v2\/comments?post=148"}],"version-history":[{"count":30,"href":"https:\/\/instalacje-lodzkie.pl\/index.php\/wp-json\/wp\/v2\/pages\/148\/revisions"}],"predecessor-version":[{"id":459,"href":"https:\/\/instalacje-lodzkie.pl\/index.php\/wp-json\/wp\/v2\/pages\/148\/revisions\/459"}],"wp:attachment":[{"href":"https:\/\/instalacje-lodzkie.pl\/index.php\/wp-json\/wp\/v2\/media?parent=148"}],"curies":[{"name":"wp","href":"https:\/\/api.w.org\/{rel}","templated":true}]}}