
{"id":146,"date":"2016-08-26T13:08:16","date_gmt":"2016-08-26T11:08:16","guid":{"rendered":"http:\/\/instalacje-lodzkie.pl\/?page_id=146"},"modified":"2016-12-31T11:24:52","modified_gmt":"2016-12-31T10:24:52","slug":"przeglady-okresowe-pomiary-ochronne","status":"publish","type":"page","link":"https:\/\/instalacje-lodzkie.pl\/index.php\/przeglady-okresowe-pomiary-ochronne\/","title":{"rendered":"Przeglady okresowe, pomiary ochronne :"},"content":{"rendered":"<h4 style=\"text-align: center;\"><\/h4>\n<h5 style=\"text-align: center;\"><\/h5>\n<h5 style=\"text-align: center;\"><\/h5>\n<h5 style=\"text-align: center;\"><\/h5>\n<h5 style=\"text-align: center;\">Zgodnie z ustaw\u0105 z dnia 7 lipca 1994\u00a0r. Prawo budowlane (tekst jednolity DzU z 2013\u00a0r., poz. 1409 z p\u00f3\u017aniejszymi zmianami), obiekty powinny by\u0107 w czasie ich u\u017cytkowania poddawane przez w\u0142a\u015bciciela lub zarz\u0105dc\u0119 okresowej kontroli co najmniej raz na 5 lat.<\/h5>\n<h5 style=\"text-align: center;\">Cz\u0119stotliwo\u015b\u0107\u00a0okresowej kontroli instalacji\u00a0powinna by\u0107 ustalana z uwzgl\u0119dnieniem rodzaju instalacji i wyposa\u017cenia, jej zastosowania i dzia\u0142ania, cz\u0119sto\u015bci i jako\u015bci konserwacji oraz wp\u0142yw\u00f3w zewn\u0119trznych, na kt\u00f3re jest nara\u017cona. Dla podanych przypadk\u00f3w, w zale\u017cno\u015bci od warunk\u00f3w \u015brodowiskowych, mo\u017ce wyst\u0105pi\u0107 wi\u0119ksze ryzyko eksploatacji urz\u0105dze\u0144 i instalacji elektrycznych, dlatego mog\u0105 by\u0107 wymagane cz\u0119stsze kontrole. S\u0105 to:<\/h5>\n<p>&nbsp;<\/p>\n<ul style=\"text-align: center;\">\n<li style=\"text-align: left;\">\n<h4>miejsca pracy lub pomieszczenia, w kt\u00f3rych wyst\u0119puje ryzyko pora\u017cenia pr\u0105dem elektrycznym, po\u017caru lub wybuchu spowodowanego degradacj\u0105 izolacji<\/h4>\n<\/li>\n<li style=\"text-align: left;\">\n<h4>miejsca pracy lub pomieszczenia, w kt\u00f3rych znajduj\u0105 si\u0119 instalacje zar\u00f3wno niskiego, jak i wysokiego napi\u0119cia<\/h4>\n<\/li>\n<li style=\"text-align: left;\">\n<h4>obiekty gromadz\u0105ce publiczno\u015b\u0107<\/h4>\n<\/li>\n<li style=\"text-align: left;\">\n<h4>tereny budowy<\/h4>\n<\/li>\n<li style=\"text-align: left;\">\n<h4>instalacje bezpiecze\u0144stwa (np. o\u015bwietlenia awaryjnego).<\/h4>\n<\/li>\n<\/ul>\n<h2 style=\"text-align: center;\"><\/h2>\n<h2 style=\"text-align: center;\"><\/h2>\n<h2 style=\"text-align: center;\"><\/h2>\n<h2 style=\"text-align: center;\"><span style=\"text-decoration: underline;\">Przeprowadzamy przegl\u0105dy okresowe w budynkach, wystawiamy protokoly z pomiarow ochronnych t.j:<\/span><\/h2>\n<h3 style=\"text-align: center;\">-Badanie ochrony przeciwpora\u017ceniowej<\/h3>\n<h3 style=\"text-align: center;\">-Pomiary rezystancji izolacji przewod\u00f3w, kabli elektryczny<\/h3>\n<h3 style=\"text-align: center;\">-Badanie wy\u0142\u0105cznik\u00f3w RCD<\/h3>\n<h3 style=\"text-align: center;\">-Pomiary nat\u0119\u017cenia o\u015bwietlenia podstawowego i awaryjnego<\/h3>\n<h4 style=\"text-align: center;\"><\/h4>\n<h4 style=\"text-align: center;\"><\/h4>\n<h4 style=\"text-align: center;\"><\/h4>\n<h4 style=\"text-align: center;\"><\/h4>\n<h4 style=\"text-align: center;\">W ostatnim czasie na zlecenie sp\u00f3\u0142dzielnii mieszkaniowej w Warszawie \u00a0,wykonalismy przegl\u0105d elektroinstalacji w 420 mieszkaniach , 45 lokalach uslugowo-handlowych wraz z czesciami wspolnymi i garazami podziemnymi.<\/h4>\n\n\t\t<style type=\"text\/css\">\n\t\t\t#gallery-1 {\n\t\t\t\tmargin: auto;\n\t\t\t}\n\t\t\t#gallery-1 .gallery-item {\n\t\t\t\tfloat: left;\n\t\t\t\tmargin-top: 10px;\n\t\t\t\ttext-align: center;\n\t\t\t\twidth: 25%;\n\t\t\t}\n\t\t\t#gallery-1 img {\n\t\t\t\tborder: 2px solid #cfcfcf;\n\t\t\t}\n\t\t\t#gallery-1 .gallery-caption {\n\t\t\t\tmargin-left: 0;\n\t\t\t}\n\t\t\t\/* see gallery_shortcode() in wp-includes\/media.php *\/\n\t\t<\/style>\n\t\t<div id='gallery-1' class='gallery galleryid-146 gallery-columns-4 gallery-size-thumbnail'><dl class='gallery-item'>\n\t\t\t<dt class='gallery-icon landscape'>\n\t\t\t\t<a href='https:\/\/instalacje-lodzkie.pl\/wp-content\/uploads\/2016\/08\/pomiary_2.jpg' rel=\"lightbox[146]\"><img loading=\"lazy\" decoding=\"async\" width=\"150\" height=\"150\" src=\"https:\/\/instalacje-lodzkie.pl\/wp-content\/uploads\/2016\/08\/pomiary_2-150x150.jpg\" class=\"attachment-thumbnail size-thumbnail\" alt=\"\" \/><\/a>\n\t\t\t<\/dt><\/dl><dl class='gallery-item'>\n\t\t\t<dt class='gallery-icon landscape'>\n\t\t\t\t<a href='https:\/\/instalacje-lodzkie.pl\/wp-content\/uploads\/2016\/08\/pomiary_6.jpg' rel=\"lightbox[146]\"><img loading=\"lazy\" decoding=\"async\" width=\"150\" height=\"150\" src=\"https:\/\/instalacje-lodzkie.pl\/wp-content\/uploads\/2016\/08\/pomiary_6-150x150.jpg\" class=\"attachment-thumbnail size-thumbnail\" alt=\"\" \/><\/a>\n\t\t\t<\/dt><\/dl><dl class='gallery-item'>\n\t\t\t<dt class='gallery-icon portrait'>\n\t\t\t\t<a href='https:\/\/instalacje-lodzkie.pl\/wp-content\/uploads\/2016\/08\/prot.jpg' rel=\"lightbox[146]\"><img loading=\"lazy\" decoding=\"async\" width=\"150\" height=\"150\" src=\"https:\/\/instalacje-lodzkie.pl\/wp-content\/uploads\/2016\/08\/prot-150x150.jpg\" class=\"attachment-thumbnail size-thumbnail\" alt=\"\" \/><\/a>\n\t\t\t<\/dt><\/dl><dl class='gallery-item'>\n\t\t\t<dt class='gallery-icon landscape'>\n\t\t\t\t<a href='https:\/\/instalacje-lodzkie.pl\/wp-content\/uploads\/2016\/08\/pomiary_1.jpg' rel=\"lightbox[146]\"><img loading=\"lazy\" decoding=\"async\" width=\"150\" height=\"150\" src=\"https:\/\/instalacje-lodzkie.pl\/wp-content\/uploads\/2016\/08\/pomiary_1-150x150.jpg\" class=\"attachment-thumbnail size-thumbnail\" alt=\"\" \/><\/a>\n\t\t\t<\/dt><\/dl><br style=\"clear: both\" \/><dl class='gallery-item'>\n\t\t\t<dt class='gallery-icon landscape'>\n\t\t\t\t<a href='https:\/\/instalacje-lodzkie.pl\/wp-content\/uploads\/2016\/08\/pomiary_5.jpg' rel=\"lightbox[146]\"><img loading=\"lazy\" decoding=\"async\" width=\"150\" height=\"150\" src=\"https:\/\/instalacje-lodzkie.pl\/wp-content\/uploads\/2016\/08\/pomiary_5-150x150.jpg\" class=\"attachment-thumbnail size-thumbnail\" alt=\"\" \/><\/a>\n\t\t\t<\/dt><\/dl><dl class='gallery-item'>\n\t\t\t<dt class='gallery-icon landscape'>\n\t\t\t\t<a href='https:\/\/instalacje-lodzkie.pl\/wp-content\/uploads\/2016\/08\/pomiary_7.jpg' rel=\"lightbox[146]\"><img loading=\"lazy\" decoding=\"async\" width=\"150\" height=\"150\" src=\"https:\/\/instalacje-lodzkie.pl\/wp-content\/uploads\/2016\/08\/pomiary_7-150x150.jpg\" class=\"attachment-thumbnail size-thumbnail\" alt=\"\" \/><\/a>\n\t\t\t<\/dt><\/dl><dl class='gallery-item'>\n\t\t\t<dt class='gallery-icon portrait'>\n\t\t\t\t<a href='https:\/\/instalacje-lodzkie.pl\/wp-content\/uploads\/2016\/08\/pomiary_3.jpg' rel=\"lightbox[146]\"><img loading=\"lazy\" decoding=\"async\" width=\"150\" height=\"150\" src=\"https:\/\/instalacje-lodzkie.pl\/wp-content\/uploads\/2016\/08\/pomiary_3-150x150.jpg\" class=\"attachment-thumbnail size-thumbnail\" alt=\"\" \/><\/a>\n\t\t\t<\/dt><\/dl><dl class='gallery-item'>\n\t\t\t<dt class='gallery-icon landscape'>\n\t\t\t\t<a href='https:\/\/instalacje-lodzkie.pl\/wp-content\/uploads\/2016\/08\/pomiary_4.jpg' rel=\"lightbox[146]\"><img loading=\"lazy\" decoding=\"async\" width=\"150\" height=\"150\" src=\"https:\/\/instalacje-lodzkie.pl\/wp-content\/uploads\/2016\/08\/pomiary_4-150x150.jpg\" class=\"attachment-thumbnail size-thumbnail\" alt=\"\" \/><\/a>\n\t\t\t<\/dt><\/dl><br style=\"clear: both\" \/>\n\t\t<\/div>\n\n","protected":false},"excerpt":{"rendered":"<p>Zgodnie z ustaw\u0105 z dnia 7 lipca 1994\u00a0r. Prawo budowlane (tekst jednolity DzU z 2013\u00a0r., poz. 1409 z p\u00f3\u017aniejszymi zmianami), obiekty powinny by\u0107 w czasie ich u\u017cytkowania poddawane przez w\u0142a\u015bciciela lub zarz\u0105dc\u0119 okresowej kontroli co najmniej raz na 5 lat. Cz\u0119stotliwo\u015b\u0107\u00a0okresowej kontroli instalacji\u00a0powinna by\u0107 ustalana z uwzgl\u0119dnieniem rodzaju instalacji i wyposa\u017cenia, jej zastosowania i dzia\u0142ania, [&hellip;]<\/p>\n","protected":false},"author":1,"featured_media":0,"parent":0,"menu_order":0,"comment_status":"closed","ping_status":"closed","template":"","meta":{"footnotes":""},"class_list":["post-146","page","type-page","status-publish","hentry"],"_links":{"self":[{"href":"https:\/\/instalacje-lodzkie.pl\/index.php\/wp-json\/wp\/v2\/pages\/146","targetHints":{"allow":["GET"]}}],"collection":[{"href":"https:\/\/instalacje-lodzkie.pl\/index.php\/wp-json\/wp\/v2\/pages"}],"about":[{"href":"https:\/\/instalacje-lodzkie.pl\/index.php\/wp-json\/wp\/v2\/types\/page"}],"author":[{"embeddable":true,"href":"https:\/\/instalacje-lodzkie.pl\/index.php\/wp-json\/wp\/v2\/users\/1"}],"replies":[{"embeddable":true,"href":"https:\/\/instalacje-lodzkie.pl\/index.php\/wp-json\/wp\/v2\/comments?post=146"}],"version-history":[{"count":19,"href":"https:\/\/instalacje-lodzkie.pl\/index.php\/wp-json\/wp\/v2\/pages\/146\/revisions"}],"predecessor-version":[{"id":350,"href":"https:\/\/instalacje-lodzkie.pl\/index.php\/wp-json\/wp\/v2\/pages\/146\/revisions\/350"}],"wp:attachment":[{"href":"https:\/\/instalacje-lodzkie.pl\/index.php\/wp-json\/wp\/v2\/media?parent=146"}],"curies":[{"name":"wp","href":"https:\/\/api.w.org\/{rel}","templated":true}]}}