
{"id":144,"date":"2016-08-26T13:08:10","date_gmt":"2016-08-26T11:08:10","guid":{"rendered":"http:\/\/instalacje-lodzkie.pl\/?page_id=144"},"modified":"2021-01-04T11:03:05","modified_gmt":"2021-01-04T10:03:05","slug":"elektroinstalacje-w-twoim-domu-firmie-przemysle","status":"publish","type":"page","link":"https:\/\/instalacje-lodzkie.pl\/index.php\/elektroinstalacje-w-twoim-domu-firmie-przemysle\/","title":{"rendered":"Elektroinstalacje w Twoim domu, firmie, przemysle&#8230;"},"content":{"rendered":"<h3 style=\"text-align: center;\">Zajmujemy si\u0119 elektroinstalacjami od projektu, montazu po rozruchy, odbiory, pomiary\u2026<\/h3>\n<h3 style=\"text-align: center;\">w sieciach:<\/h3>\n<h3 style=\"text-align: center;\"><strong>TT, IT, TN-C, TN-S, TN-C-S<\/strong><\/h3>\n<h3 style=\"text-align: center;\"><span style=\"text-decoration: underline;\">Oferujemy instalacje:<\/span><\/h3>\n<h3 style=\"text-align: center;\">-zasilania ogolnego<\/h3>\n<h3 style=\"text-align: center;\">-przeciwpozarowe\u00a0 SAP\/DSO\/SWiN<\/h3>\n<h3 style=\"text-align: center;\">&#8211; w wykonaniu przeciwwybuchowym \u201eEX\u201d<\/h3>\n<h3 style=\"text-align: center;\">-sterowania,automatyki<\/h3>\n<h3 style=\"text-align: center;\">-inteligentnego budynku<\/h3>\n<h3 style=\"text-align: center;\">Wykonalismy ju\u017c kilkaset instalacji : w domach jednorodzinnych ,mieszkaniach ,sklepach ,lokalach us\u0142ugowo-handlowych ,oraz budynkach przemys\u0142owych\u2026<\/h3>\n<h4 style=\"text-align: center;\"><span style=\"text-decoration: underline;\">Wystawiamy: FV 23%, zaswiadczenia dla PGE, protokoly z pomiarow \u00a0i inne niezbedne dokumenty do odbioru budynku&#8230;<\/span><\/h4>\n<p>&nbsp;<\/p>\n\n\t\t<style type=\"text\/css\">\n\t\t\t#gallery-1 {\n\t\t\t\tmargin: auto;\n\t\t\t}\n\t\t\t#gallery-1 .gallery-item {\n\t\t\t\tfloat: left;\n\t\t\t\tmargin-top: 10px;\n\t\t\t\ttext-align: center;\n\t\t\t\twidth: 20%;\n\t\t\t}\n\t\t\t#gallery-1 img {\n\t\t\t\tborder: 2px solid #cfcfcf;\n\t\t\t}\n\t\t\t#gallery-1 .gallery-caption {\n\t\t\t\tmargin-left: 0;\n\t\t\t}\n\t\t\t\/* see gallery_shortcode() in wp-includes\/media.php *\/\n\t\t<\/style>\n\t\t<div id='gallery-1' class='gallery galleryid-144 gallery-columns-5 gallery-size-thumbnail'><dl class='gallery-item'>\n\t\t\t<dt class='gallery-icon landscape'>\n\t\t\t\t<a href='https:\/\/instalacje-lodzkie.pl\/wp-content\/uploads\/2016\/08\/elektro_1.jpg' rel=\"lightbox[144]\"><img loading=\"lazy\" decoding=\"async\" width=\"150\" height=\"150\" src=\"https:\/\/instalacje-lodzkie.pl\/wp-content\/uploads\/2016\/08\/elektro_1-150x150.jpg\" class=\"attachment-thumbnail size-thumbnail\" alt=\"\" \/><\/a>\n\t\t\t<\/dt><\/dl><dl class='gallery-item'>\n\t\t\t<dt class='gallery-icon landscape'>\n\t\t\t\t<a href='https:\/\/instalacje-lodzkie.pl\/wp-content\/uploads\/2016\/08\/elektro_2.jpg' rel=\"lightbox[144]\"><img loading=\"lazy\" decoding=\"async\" width=\"150\" height=\"150\" src=\"https:\/\/instalacje-lodzkie.pl\/wp-content\/uploads\/2016\/08\/elektro_2-150x150.jpg\" class=\"attachment-thumbnail size-thumbnail\" alt=\"\" \/><\/a>\n\t\t\t<\/dt><\/dl><dl class='gallery-item'>\n\t\t\t<dt class='gallery-icon landscape'>\n\t\t\t\t<a href='https:\/\/instalacje-lodzkie.pl\/wp-content\/uploads\/2016\/08\/elektro_3.jpg' rel=\"lightbox[144]\"><img loading=\"lazy\" decoding=\"async\" width=\"150\" height=\"150\" src=\"https:\/\/instalacje-lodzkie.pl\/wp-content\/uploads\/2016\/08\/elektro_3-150x150.jpg\" class=\"attachment-thumbnail size-thumbnail\" alt=\"\" \/><\/a>\n\t\t\t<\/dt><\/dl><dl class='gallery-item'>\n\t\t\t<dt class='gallery-icon landscape'>\n\t\t\t\t<a href='https:\/\/instalacje-lodzkie.pl\/wp-content\/uploads\/2016\/08\/elektro_5.jpg' rel=\"lightbox[144]\"><img loading=\"lazy\" decoding=\"async\" width=\"150\" height=\"150\" src=\"https:\/\/instalacje-lodzkie.pl\/wp-content\/uploads\/2016\/08\/elektro_5-150x150.jpg\" class=\"attachment-thumbnail size-thumbnail\" alt=\"\" \/><\/a>\n\t\t\t<\/dt><\/dl><dl class='gallery-item'>\n\t\t\t<dt class='gallery-icon portrait'>\n\t\t\t\t<a href='https:\/\/instalacje-lodzkie.pl\/wp-content\/uploads\/2016\/08\/elektro_6.jpg' rel=\"lightbox[144]\"><img loading=\"lazy\" decoding=\"async\" width=\"150\" height=\"150\" src=\"https:\/\/instalacje-lodzkie.pl\/wp-content\/uploads\/2016\/08\/elektro_6-150x150.jpg\" class=\"attachment-thumbnail size-thumbnail\" alt=\"\" \/><\/a>\n\t\t\t<\/dt><\/dl><br style=\"clear: both\" \/><dl class='gallery-item'>\n\t\t\t<dt class='gallery-icon landscape'>\n\t\t\t\t<a href='https:\/\/instalacje-lodzkie.pl\/wp-content\/uploads\/2016\/08\/elektro_7.jpg' rel=\"lightbox[144]\"><img loading=\"lazy\" decoding=\"async\" width=\"150\" height=\"150\" src=\"https:\/\/instalacje-lodzkie.pl\/wp-content\/uploads\/2016\/08\/elektro_7-150x150.jpg\" class=\"attachment-thumbnail size-thumbnail\" alt=\"\" \/><\/a>\n\t\t\t<\/dt><\/dl><dl class='gallery-item'>\n\t\t\t<dt class='gallery-icon landscape'>\n\t\t\t\t<a href='https:\/\/instalacje-lodzkie.pl\/wp-content\/uploads\/2016\/08\/elektro_8.jpg' rel=\"lightbox[144]\"><img loading=\"lazy\" decoding=\"async\" width=\"150\" height=\"150\" src=\"https:\/\/instalacje-lodzkie.pl\/wp-content\/uploads\/2016\/08\/elektro_8-150x150.jpg\" class=\"attachment-thumbnail size-thumbnail\" alt=\"\" \/><\/a>\n\t\t\t<\/dt><\/dl><dl class='gallery-item'>\n\t\t\t<dt class='gallery-icon landscape'>\n\t\t\t\t<a href='https:\/\/instalacje-lodzkie.pl\/wp-content\/uploads\/2016\/08\/elektro_9.jpg' rel=\"lightbox[144]\"><img loading=\"lazy\" decoding=\"async\" width=\"150\" height=\"150\" src=\"https:\/\/instalacje-lodzkie.pl\/wp-content\/uploads\/2016\/08\/elektro_9-150x150.jpg\" class=\"attachment-thumbnail size-thumbnail\" alt=\"\" \/><\/a>\n\t\t\t<\/dt><\/dl><dl class='gallery-item'>\n\t\t\t<dt class='gallery-icon landscape'>\n\t\t\t\t<a href='https:\/\/instalacje-lodzkie.pl\/wp-content\/uploads\/2016\/08\/Zdj\u0119cie005-3-1.jpg' rel=\"lightbox[144]\"><img loading=\"lazy\" decoding=\"async\" width=\"150\" height=\"150\" src=\"https:\/\/instalacje-lodzkie.pl\/wp-content\/uploads\/2016\/08\/Zdj\u0119cie005-3-1-150x150.jpg\" class=\"attachment-thumbnail size-thumbnail\" alt=\"\" \/><\/a>\n\t\t\t<\/dt><\/dl><dl class='gallery-item'>\n\t\t\t<dt class='gallery-icon portrait'>\n\t\t\t\t<a href='https:\/\/instalacje-lodzkie.pl\/wp-content\/uploads\/2016\/08\/Zdj\u0119cie005-2.jpg' rel=\"lightbox[144]\"><img loading=\"lazy\" decoding=\"async\" width=\"150\" height=\"150\" src=\"https:\/\/instalacje-lodzkie.pl\/wp-content\/uploads\/2016\/08\/Zdj\u0119cie005-2-150x150.jpg\" class=\"attachment-thumbnail size-thumbnail\" alt=\"\" \/><\/a>\n\t\t\t<\/dt><\/dl><br style=\"clear: both\" \/><dl class='gallery-item'>\n\t\t\t<dt class='gallery-icon landscape'>\n\t\t\t\t<a href='https:\/\/instalacje-lodzkie.pl\/wp-content\/uploads\/2016\/08\/Zdj\u0119cie022-1.jpg' rel=\"lightbox[144]\"><img loading=\"lazy\" decoding=\"async\" width=\"150\" height=\"150\" src=\"https:\/\/instalacje-lodzkie.pl\/wp-content\/uploads\/2016\/08\/Zdj\u0119cie022-1-150x150.jpg\" class=\"attachment-thumbnail size-thumbnail\" alt=\"\" \/><\/a>\n\t\t\t<\/dt><\/dl><dl class='gallery-item'>\n\t\t\t<dt class='gallery-icon portrait'>\n\t\t\t\t<a href='https:\/\/instalacje-lodzkie.pl\/wp-content\/uploads\/2016\/08\/Zdj\u0119cie065-2.jpg' rel=\"lightbox[144]\"><img loading=\"lazy\" decoding=\"async\" width=\"150\" height=\"150\" src=\"https:\/\/instalacje-lodzkie.pl\/wp-content\/uploads\/2016\/08\/Zdj\u0119cie065-2-150x150.jpg\" class=\"attachment-thumbnail size-thumbnail\" alt=\"\" \/><\/a>\n\t\t\t<\/dt><\/dl><dl class='gallery-item'>\n\t\t\t<dt class='gallery-icon portrait'>\n\t\t\t\t<a href='https:\/\/instalacje-lodzkie.pl\/wp-content\/uploads\/2016\/08\/Zdj\u0119cie067-1.jpg' rel=\"lightbox[144]\"><img loading=\"lazy\" decoding=\"async\" width=\"150\" height=\"150\" src=\"https:\/\/instalacje-lodzkie.pl\/wp-content\/uploads\/2016\/08\/Zdj\u0119cie067-1-150x150.jpg\" class=\"attachment-thumbnail size-thumbnail\" alt=\"\" \/><\/a>\n\t\t\t<\/dt><\/dl><dl class='gallery-item'>\n\t\t\t<dt class='gallery-icon landscape'>\n\t\t\t\t<a href='https:\/\/instalacje-lodzkie.pl\/wp-content\/uploads\/2016\/08\/simon54-premium.jpg' rel=\"lightbox[144]\"><img loading=\"lazy\" decoding=\"async\" width=\"150\" height=\"150\" src=\"https:\/\/instalacje-lodzkie.pl\/wp-content\/uploads\/2016\/08\/simon54-premium-150x150.jpg\" class=\"attachment-thumbnail size-thumbnail\" alt=\"\" \/><\/a>\n\t\t\t<\/dt><\/dl><dl class='gallery-item'>\n\t\t\t<dt class='gallery-icon landscape'>\n\t\t\t\t<a href='https:\/\/instalacje-lodzkie.pl\/wp-content\/uploads\/2016\/08\/LED-kroki.jpg' rel=\"lightbox[144]\"><img loading=\"lazy\" decoding=\"async\" width=\"150\" height=\"150\" src=\"https:\/\/instalacje-lodzkie.pl\/wp-content\/uploads\/2016\/08\/LED-kroki-150x150.jpg\" class=\"attachment-thumbnail size-thumbnail\" alt=\"\" \/><\/a>\n\t\t\t<\/dt><\/dl><br style=\"clear: both\" \/>\n\t\t<\/div>\n\n<p>&nbsp;<\/p>\n","protected":false},"excerpt":{"rendered":"<p>Zajmujemy si\u0119 elektroinstalacjami od projektu, montazu po rozruchy, odbiory, pomiary\u2026 w sieciach: TT, IT, TN-C, TN-S, TN-C-S Oferujemy instalacje: -zasilania ogolnego -przeciwpozarowe\u00a0 SAP\/DSO\/SWiN &#8211; w wykonaniu przeciwwybuchowym \u201eEX\u201d -sterowania,automatyki -inteligentnego budynku Wykonalismy ju\u017c kilkaset instalacji : w domach jednorodzinnych ,mieszkaniach ,sklepach ,lokalach us\u0142ugowo-handlowych ,oraz budynkach przemys\u0142owych\u2026 Wystawiamy: FV 23%, zaswiadczenia dla PGE, protokoly z pomiarow [&hellip;]<\/p>\n","protected":false},"author":1,"featured_media":0,"parent":0,"menu_order":0,"comment_status":"closed","ping_status":"closed","template":"","meta":{"footnotes":""},"class_list":["post-144","page","type-page","status-publish","hentry"],"_links":{"self":[{"href":"https:\/\/instalacje-lodzkie.pl\/index.php\/wp-json\/wp\/v2\/pages\/144","targetHints":{"allow":["GET"]}}],"collection":[{"href":"https:\/\/instalacje-lodzkie.pl\/index.php\/wp-json\/wp\/v2\/pages"}],"about":[{"href":"https:\/\/instalacje-lodzkie.pl\/index.php\/wp-json\/wp\/v2\/types\/page"}],"author":[{"embeddable":true,"href":"https:\/\/instalacje-lodzkie.pl\/index.php\/wp-json\/wp\/v2\/users\/1"}],"replies":[{"embeddable":true,"href":"https:\/\/instalacje-lodzkie.pl\/index.php\/wp-json\/wp\/v2\/comments?post=144"}],"version-history":[{"count":19,"href":"https:\/\/instalacje-lodzkie.pl\/index.php\/wp-json\/wp\/v2\/pages\/144\/revisions"}],"predecessor-version":[{"id":360,"href":"https:\/\/instalacje-lodzkie.pl\/index.php\/wp-json\/wp\/v2\/pages\/144\/revisions\/360"}],"wp:attachment":[{"href":"https:\/\/instalacje-lodzkie.pl\/index.php\/wp-json\/wp\/v2\/media?parent=144"}],"curies":[{"name":"wp","href":"https:\/\/api.w.org\/{rel}","templated":true}]}}