
{"id":12,"date":"2016-08-21T15:26:11","date_gmt":"2016-08-21T13:26:11","guid":{"rendered":"http:\/\/instalacje-lodzkie.pl\/?page_id=12"},"modified":"2021-03-28T10:16:34","modified_gmt":"2021-03-28T08:16:34","slug":"o-nas","status":"publish","type":"page","link":"https:\/\/instalacje-lodzkie.pl\/index.php\/o-nas\/","title":{"rendered":"O nas"},"content":{"rendered":"<p style=\"text-align: center;\">Firma\u00a0 \u201e<strong>TOP ELEKTRO<\/strong> \u201e\u00a0 jest na rynku Polskim od 2010 roku<\/p>\n<p style=\"text-align: center;\">Jestesmy firm\u0105 handlowo-us\u0142ugow\u0105, kt\u00f3ra koncentruje si\u0119 na dzia\u0142alno\u015bci w dziedzinie zaawansowanej elektrotechniki. Realizujemy projekty inwestycyjne, wykonujemy us\u0142ugi serwisowe oraz prefabrykacje rodzielnic elektrycznych i sterowniczch.<\/p>\n<p style=\"text-align: center;\">Nasz\u0105 dewiz\u0105 jest bezpiecze\u0144stwo i profesjonalizm. Us\u0142ugi wykonywane s\u0105 profesjonalnie, zgodnie z najnowszymi wytycznymi i przepisami, a urz\u0105dzenia charakteryzuj\u0105 si\u0119 najwy\u017csz\u0105 jako\u015bci\u0105. Zawsze na pierwszym miejscu stawiamy bezpiecze\u0144stwo u\u017cytkownik\u00f3w instalacji i przyk\u0142adamy do tego zagadnienia ogromn\u0105 uwag\u0119. Nasze wieloletnie do\u015bwiadczenie oraz specjalistyczna i szeroka wiedza s\u0105 gwarancj\u0105 rzetelnie wykonywanych us\u0142ug i zadowolenia klienta, a tak\u017ce pozwala nam na jego kompleksow\u0105 i profesjonaln\u0105 obs\u0142ug\u0119.<\/p>\n<p style=\"text-align: center;\">Posiadamy niezb\u0119dny sprzet ,uprawnienia oraz wykszta\u0142cenie zawodowe !<\/p>\n<p>&nbsp;<\/p>\n<p style=\"text-align: center;\">Wiekszosc naszych prac to prace serwisowe ,modernizacyjne w budynkach &#8222;czynnych&#8221; sa to m.i.n klienci:<\/p>\n<p style=\"text-align: center;\"><span style=\"text-decoration: underline;\">Toyota tsusho , Selena , Inpost ,Ebrex ,Europool , Raben ,Leroy Merlin ,Biedronka , Kaufland ,Pzu<\/span><\/p>\n<p>&nbsp;<\/p>\n<p style=\"text-align: center;\">&#8230;najwa\u017cniejsze w pracy elektryka jest\u00a0<strong>bezpiecze\u0144stwo<\/strong>\u00a0&#8211; zar\u00f3wno w\u0142asne, jak i u\u017cytkownik\u00f3w wykonanych przez niego instalacji. Bardzo cz\u0119sto instalacje s\u0105 wykonywane przez osoby\u00a0<strong>bez wyksza\u0142cenia, do\u015bwiadczenia i niezb\u0119dnych uprawnie\u0144<\/strong>.Dlaczego nie chodzimy do &#8222;lekarzy&#8221; bez dyplmou? Z tego samego powodu, dla kt\u00f3rego nie korzystamy z us\u0142ug &#8222;z\u0142otych r\u0105czek&#8221;.\u00a0<strong>Aby instalcja elektryczna by\u0142a &#8222;zdrowa&#8221;, musi si\u0119 ni\u0105 opiekowa\u0107 Elektryk<\/strong>. Unikajmy do\u015b\u0107 powszechnych w naszym kraju &#8222;prowizorek&#8221;. Pami\u0119tajcie, to Wy decydujecie w czyich r\u0119kach le\u017cy wasze bezpiecze\u0144stwo.<\/p>\n<p style=\"text-align: center;\"><span style=\"text-decoration: underline;\">Nasz serwis dostepny jest 24 h\/7<\/span><\/p>\n<p>&nbsp;<\/p>\n<p style=\"text-align: center;\">Nasz obszar dzialania to wojewodztwo:<\/p>\n<p style=\"text-align: center;\">&#8211; \u0141\u00f3dzkie<\/p>\n<p style=\"text-align: center;\">-\u015awi\u0119tokrzyskie<\/p>\n<p style=\"text-align: center;\">&#8211; Podkarpackie<\/p>\n<p style=\"text-align: center;\">-Ma\u0142opolskie<\/p>\n<p style=\"text-align: center;\">-\u015al\u0105skie<\/p>\n<p style=\"text-align: center;\">-Opolskie<\/p>\n<p style=\"text-align: center;\">-Dolno\u015bl\u0105skie<\/p>\n<p style=\"text-align: center;\">-Wielkopolskie<\/p>\n<p style=\"text-align: center;\">-Lubuskie<\/p>\n<p style=\"text-align: center;\">\u00a0&#8211; Kujawsko-pomorskie<\/p>\n<p style=\"text-align: center;\">-Pomorskie<\/p>\n<p style=\"text-align: center;\">-Warmi\u0144sko-mazurskie<\/p>\n<p style=\"text-align: center;\">-Podlaskie<\/p>\n<p style=\"text-align: center;\">-Mazowieckie<\/p>\n<p style=\"text-align: center;\">-Lubelskie<\/p>\n<p style=\"text-align: center;\"><strong>Zapraszamy do wsp\u00f3\u0142pracy!<\/strong><\/p>\n\n\t\t<style type=\"text\/css\">\n\t\t\t#gallery-1 {\n\t\t\t\tmargin: auto;\n\t\t\t}\n\t\t\t#gallery-1 .gallery-item {\n\t\t\t\tfloat: left;\n\t\t\t\tmargin-top: 10px;\n\t\t\t\ttext-align: center;\n\t\t\t\twidth: 20%;\n\t\t\t}\n\t\t\t#gallery-1 img {\n\t\t\t\tborder: 2px solid #cfcfcf;\n\t\t\t}\n\t\t\t#gallery-1 .gallery-caption {\n\t\t\t\tmargin-left: 0;\n\t\t\t}\n\t\t\t\/* see gallery_shortcode() in wp-includes\/media.php *\/\n\t\t<\/style>\n\t\t<div id='gallery-1' class='gallery galleryid-12 gallery-columns-5 gallery-size-thumbnail'><dl class='gallery-item'>\n\t\t\t<dt class='gallery-icon portrait'>\n\t\t\t\t<a href='https:\/\/instalacje-lodzkie.pl\/wp-content\/uploads\/2016\/08\/1.jpg' rel=\"lightbox[12]\"><img loading=\"lazy\" decoding=\"async\" width=\"150\" height=\"150\" src=\"https:\/\/instalacje-lodzkie.pl\/wp-content\/uploads\/2016\/08\/1-150x150.jpg\" class=\"attachment-thumbnail size-thumbnail\" alt=\"\" \/><\/a>\n\t\t\t<\/dt><\/dl><dl class='gallery-item'>\n\t\t\t<dt class='gallery-icon portrait'>\n\t\t\t\t<a href='https:\/\/instalacje-lodzkie.pl\/wp-content\/uploads\/2016\/08\/2.jpg' rel=\"lightbox[12]\"><img loading=\"lazy\" decoding=\"async\" width=\"150\" height=\"150\" src=\"https:\/\/instalacje-lodzkie.pl\/wp-content\/uploads\/2016\/08\/2-150x150.jpg\" class=\"attachment-thumbnail size-thumbnail\" alt=\"\" \/><\/a>\n\t\t\t<\/dt><\/dl><dl class='gallery-item'>\n\t\t\t<dt class='gallery-icon portrait'>\n\t\t\t\t<a href='https:\/\/instalacje-lodzkie.pl\/wp-content\/uploads\/2016\/08\/3.jpg' rel=\"lightbox[12]\"><img loading=\"lazy\" decoding=\"async\" width=\"150\" height=\"150\" src=\"https:\/\/instalacje-lodzkie.pl\/wp-content\/uploads\/2016\/08\/3-150x150.jpg\" class=\"attachment-thumbnail size-thumbnail\" alt=\"\" \/><\/a>\n\t\t\t<\/dt><\/dl><dl class='gallery-item'>\n\t\t\t<dt class='gallery-icon portrait'>\n\t\t\t\t<a href='https:\/\/instalacje-lodzkie.pl\/wp-content\/uploads\/2016\/08\/4.jpg' rel=\"lightbox[12]\"><img loading=\"lazy\" decoding=\"async\" width=\"150\" height=\"150\" src=\"https:\/\/instalacje-lodzkie.pl\/wp-content\/uploads\/2016\/08\/4-150x150.jpg\" class=\"attachment-thumbnail size-thumbnail\" alt=\"\" \/><\/a>\n\t\t\t<\/dt><\/dl><dl class='gallery-item'>\n\t\t\t<dt class='gallery-icon landscape'>\n\t\t\t\t<a href='https:\/\/instalacje-lodzkie.pl\/wp-content\/uploads\/2016\/08\/5.jpg' rel=\"lightbox[12]\"><img loading=\"lazy\" decoding=\"async\" width=\"150\" height=\"150\" src=\"https:\/\/instalacje-lodzkie.pl\/wp-content\/uploads\/2016\/08\/5-150x150.jpg\" class=\"attachment-thumbnail size-thumbnail\" alt=\"\" \/><\/a>\n\t\t\t<\/dt><\/dl><br style=\"clear: both\" \/><dl class='gallery-item'>\n\t\t\t<dt class='gallery-icon landscape'>\n\t\t\t\t<a href='https:\/\/instalacje-lodzkie.pl\/wp-content\/uploads\/2016\/08\/6.jpg' rel=\"lightbox[12]\"><img loading=\"lazy\" decoding=\"async\" width=\"150\" height=\"150\" src=\"https:\/\/instalacje-lodzkie.pl\/wp-content\/uploads\/2016\/08\/6-150x150.jpg\" class=\"attachment-thumbnail size-thumbnail\" alt=\"\" \/><\/a>\n\t\t\t<\/dt><\/dl><dl class='gallery-item'>\n\t\t\t<dt class='gallery-icon landscape'>\n\t\t\t\t<a href='https:\/\/instalacje-lodzkie.pl\/wp-content\/uploads\/2016\/08\/7.jpg' rel=\"lightbox[12]\"><img loading=\"lazy\" decoding=\"async\" width=\"150\" height=\"150\" src=\"https:\/\/instalacje-lodzkie.pl\/wp-content\/uploads\/2016\/08\/7-150x150.jpg\" class=\"attachment-thumbnail size-thumbnail\" alt=\"\" \/><\/a>\n\t\t\t<\/dt><\/dl><dl class='gallery-item'>\n\t\t\t<dt class='gallery-icon landscape'>\n\t\t\t\t<a href='https:\/\/instalacje-lodzkie.pl\/wp-content\/uploads\/2016\/08\/8.jpg' rel=\"lightbox[12]\"><img loading=\"lazy\" decoding=\"async\" width=\"150\" height=\"150\" src=\"https:\/\/instalacje-lodzkie.pl\/wp-content\/uploads\/2016\/08\/8-150x150.jpg\" class=\"attachment-thumbnail size-thumbnail\" alt=\"\" \/><\/a>\n\t\t\t<\/dt><\/dl><dl class='gallery-item'>\n\t\t\t<dt class='gallery-icon landscape'>\n\t\t\t\t<a href='https:\/\/instalacje-lodzkie.pl\/wp-content\/uploads\/2016\/08\/9.jpg' rel=\"lightbox[12]\"><img loading=\"lazy\" decoding=\"async\" width=\"150\" height=\"150\" src=\"https:\/\/instalacje-lodzkie.pl\/wp-content\/uploads\/2016\/08\/9-150x150.jpg\" class=\"attachment-thumbnail size-thumbnail\" alt=\"\" \/><\/a>\n\t\t\t<\/dt><\/dl><dl class='gallery-item'>\n\t\t\t<dt class='gallery-icon landscape'>\n\t\t\t\t<a href='https:\/\/instalacje-lodzkie.pl\/wp-content\/uploads\/2016\/08\/10.jpg' rel=\"lightbox[12]\"><img loading=\"lazy\" decoding=\"async\" width=\"150\" height=\"150\" src=\"https:\/\/instalacje-lodzkie.pl\/wp-content\/uploads\/2016\/08\/10-150x150.jpg\" class=\"attachment-thumbnail size-thumbnail\" alt=\"\" \/><\/a>\n\t\t\t<\/dt><\/dl><br style=\"clear: both\" \/>\n\t\t<\/div>\n\n","protected":false},"excerpt":{"rendered":"<p>Firma\u00a0 \u201eTOP ELEKTRO \u201e\u00a0 jest na rynku Polskim od 2010 roku Jestesmy firm\u0105 handlowo-us\u0142ugow\u0105, kt\u00f3ra koncentruje si\u0119 na dzia\u0142alno\u015bci w dziedzinie zaawansowanej elektrotechniki. Realizujemy projekty inwestycyjne, wykonujemy us\u0142ugi serwisowe oraz prefabrykacje rodzielnic elektrycznych i sterowniczch. Nasz\u0105 dewiz\u0105 jest bezpiecze\u0144stwo i profesjonalizm. Us\u0142ugi wykonywane s\u0105 profesjonalnie, zgodnie z najnowszymi wytycznymi i przepisami, a urz\u0105dzenia charakteryzuj\u0105 si\u0119 [&hellip;]<\/p>\n","protected":false},"author":1,"featured_media":0,"parent":0,"menu_order":0,"comment_status":"closed","ping_status":"closed","template":"","meta":{"footnotes":""},"class_list":["post-12","page","type-page","status-publish","hentry"],"_links":{"self":[{"href":"https:\/\/instalacje-lodzkie.pl\/index.php\/wp-json\/wp\/v2\/pages\/12","targetHints":{"allow":["GET"]}}],"collection":[{"href":"https:\/\/instalacje-lodzkie.pl\/index.php\/wp-json\/wp\/v2\/pages"}],"about":[{"href":"https:\/\/instalacje-lodzkie.pl\/index.php\/wp-json\/wp\/v2\/types\/page"}],"author":[{"embeddable":true,"href":"https:\/\/instalacje-lodzkie.pl\/index.php\/wp-json\/wp\/v2\/users\/1"}],"replies":[{"embeddable":true,"href":"https:\/\/instalacje-lodzkie.pl\/index.php\/wp-json\/wp\/v2\/comments?post=12"}],"version-history":[{"count":48,"href":"https:\/\/instalacje-lodzkie.pl\/index.php\/wp-json\/wp\/v2\/pages\/12\/revisions"}],"predecessor-version":[{"id":451,"href":"https:\/\/instalacje-lodzkie.pl\/index.php\/wp-json\/wp\/v2\/pages\/12\/revisions\/451"}],"wp:attachment":[{"href":"https:\/\/instalacje-lodzkie.pl\/index.php\/wp-json\/wp\/v2\/media?parent=12"}],"curies":[{"name":"wp","href":"https:\/\/api.w.org\/{rel}","templated":true}]}}